{"id":5872,"date":"2024-06-09T12:07:38","date_gmt":"2024-06-09T09:07:38","guid":{"rendered":"https:\/\/therampartoil.com\/?page_id=5872"},"modified":"2024-07-29T15:14:41","modified_gmt":"2024-07-29T12:14:41","slug":"metal-enjeksiyon-sivisi","status":"publish","type":"page","link":"https:\/\/therampartoil.com\/tr\/metal-enjeksiyon-sivisi\/","title":{"rendered":"Metal Enjeksiyon Sekt\u00f6r\u00fc"},"content":{"rendered":"\t\t<div data-elementor-type=\"wp-page\" data-elementor-id=\"5872\" class=\"elementor elementor-5872\">\n\t\t\t\t<div class=\"elementor-element elementor-element-e84e659 e-con-full e-flex e-con e-parent\" data-id=\"e84e659\" data-element_type=\"container\">\n\t\t\t\t<div class=\"elementor-element elementor-element-6c4807d elementor-widget elementor-widget-video\" data-id=\"6c4807d\" data-element_type=\"widget\" data-settings=\"{&quot;youtube_url&quot;:&quot;https:\\\/\\\/www.youtube.com\\\/watch?v=uZFLFdrcuJA&quot;,&quot;autoplay&quot;:&quot;yes&quot;,&quot;play_on_mobile&quot;:&quot;yes&quot;,&quot;mute&quot;:&quot;yes&quot;,&quot;loop&quot;:&quot;yes&quot;,&quot;modestbranding&quot;:&quot;yes&quot;,&quot;video_type&quot;:&quot;youtube&quot;,&quot;controls&quot;:&quot;yes&quot;}\" data-widget_type=\"video.default\">\n\t\t\t\t<div class=\"elementor-widget-container\">\n\t\t\t<style>\/*! elementor - v3.23.0 - 15-07-2024 *\/\n.elementor-widget-video .elementor-widget-container{overflow:hidden;transform:translateZ(0)}.elementor-widget-video .elementor-wrapper{aspect-ratio:var(--video-aspect-ratio)}.elementor-widget-video .elementor-wrapper iframe,.elementor-widget-video .elementor-wrapper video{height:100%;width:100%;display:flex;border:none;background-color:#000}@supports not (aspect-ratio:1\/1){.elementor-widget-video .elementor-wrapper{position:relative;overflow:hidden;height:0;padding-bottom:calc(100% \/ var(--video-aspect-ratio))}.elementor-widget-video .elementor-wrapper iframe,.elementor-widget-video .elementor-wrapper video{position:absolute;top:0;right:0;bottom:0;left:0}}.elementor-widget-video .elementor-open-inline .elementor-custom-embed-image-overlay{position:absolute;top:0;right:0;bottom:0;left:0;background-size:cover;background-position:50%}.elementor-widget-video .elementor-custom-embed-image-overlay{cursor:pointer;text-align:center}.elementor-widget-video .elementor-custom-embed-image-overlay:hover .elementor-custom-embed-play i{opacity:1}.elementor-widget-video .elementor-custom-embed-image-overlay img{display:block;width:100%;aspect-ratio:var(--video-aspect-ratio);-o-object-fit:cover;object-fit:cover;-o-object-position:center center;object-position:center center}@supports not (aspect-ratio:1\/1){.elementor-widget-video .elementor-custom-embed-image-overlay{position:relative;overflow:hidden;height:0;padding-bottom:calc(100% \/ var(--video-aspect-ratio))}.elementor-widget-video .elementor-custom-embed-image-overlay img{position:absolute;top:0;right:0;bottom:0;left:0}}.elementor-widget-video .e-hosted-video .elementor-video{-o-object-fit:cover;object-fit:cover}.e-con-inner>.elementor-widget-video,.e-con>.elementor-widget-video{width:var(--container-widget-width);--flex-grow:var(--container-widget-flex-grow)}<\/style>\t\t<div class=\"elementor-wrapper elementor-open-inline\">\n\t\t\t<div class=\"elementor-video\"><\/div>\t\t<\/div>\n\t\t\t\t<\/div>\n\t\t\t\t<\/div>\n\t\t\t\t<\/div>\n\t\t<div class=\"elementor-element elementor-element-1aabd24 e-flex e-con-boxed e-con e-parent\" data-id=\"1aabd24\" data-element_type=\"container\">\n\t\t\t\t\t<div class=\"e-con-inner\">\n\t\t\t\t<div class=\"elementor-element elementor-element-2069157 elementor-widget elementor-widget-spacer\" data-id=\"2069157\" data-element_type=\"widget\" data-widget_type=\"spacer.default\">\n\t\t\t\t<div class=\"elementor-widget-container\">\n\t\t\t<style>\/*! elementor - v3.23.0 - 15-07-2024 *\/\n.elementor-column .elementor-spacer-inner{height:var(--spacer-size)}.e-con{--container-widget-width:100%}.e-con-inner>.elementor-widget-spacer,.e-con>.elementor-widget-spacer{width:var(--container-widget-width,var(--spacer-size));--align-self:var(--container-widget-align-self,initial);--flex-shrink:0}.e-con-inner>.elementor-widget-spacer>.elementor-widget-container,.e-con>.elementor-widget-spacer>.elementor-widget-container{height:100%;width:100%}.e-con-inner>.elementor-widget-spacer>.elementor-widget-container>.elementor-spacer,.e-con>.elementor-widget-spacer>.elementor-widget-container>.elementor-spacer{height:100%}.e-con-inner>.elementor-widget-spacer>.elementor-widget-container>.elementor-spacer>.elementor-spacer-inner,.e-con>.elementor-widget-spacer>.elementor-widget-container>.elementor-spacer>.elementor-spacer-inner{height:var(--container-widget-height,var(--spacer-size))}.e-con-inner>.elementor-widget-spacer.elementor-widget-empty,.e-con>.elementor-widget-spacer.elementor-widget-empty{position:relative;min-height:22px;min-width:22px}.e-con-inner>.elementor-widget-spacer.elementor-widget-empty .elementor-widget-empty-icon,.e-con>.elementor-widget-spacer.elementor-widget-empty .elementor-widget-empty-icon{position:absolute;top:0;bottom:0;left:0;right:0;margin:auto;padding:0;width:22px;height:22px}<\/style>\t\t<div class=\"elementor-spacer\">\n\t\t\t<div class=\"elementor-spacer-inner\"><\/div>\n\t\t<\/div>\n\t\t\t\t<\/div>\n\t\t\t\t<\/div>\n\t\t\t\t<div class=\"elementor-element elementor-element-076a681 elementor-widget elementor-widget-text-editor\" data-id=\"076a681\" data-element_type=\"widget\" data-widget_type=\"text-editor.default\">\n\t\t\t\t<div class=\"elementor-widget-container\">\n\t\t\t<style>\/*! elementor - v3.23.0 - 15-07-2024 *\/\n.elementor-widget-text-editor.elementor-drop-cap-view-stacked .elementor-drop-cap{background-color:#69727d;color:#fff}.elementor-widget-text-editor.elementor-drop-cap-view-framed .elementor-drop-cap{color:#69727d;border:3px solid;background-color:transparent}.elementor-widget-text-editor:not(.elementor-drop-cap-view-default) .elementor-drop-cap{margin-top:8px}.elementor-widget-text-editor:not(.elementor-drop-cap-view-default) .elementor-drop-cap-letter{width:1em;height:1em}.elementor-widget-text-editor .elementor-drop-cap{float:left;text-align:center;line-height:1;font-size:50px}.elementor-widget-text-editor .elementor-drop-cap-letter{display:inline-block}<\/style>\t\t\t\t<p><strong>KULLANIM ALANLARI:<\/strong><\/p><p>Metal CAST S 500 Al\u00fcminyum d\u00f6k\u00fcm ala\u015f\u0131mlar\u0131 i\u00e7in \u00fcretilmi\u015f son teknoloji \u00fcr\u00fcn tipidir.\u00c7evre ve operator<br \/>dostu bir \u00fcr\u00fcnd\u00fcr.Silikon i\u00e7ermez , Wax \u0130htiva eder.<\/p><p>\u00d6zellikleri:<\/p><ul><li><strong>S\u00fct beyaz g\u00f6r\u00fcn\u00fcm:<\/strong> \u00dcr\u00fcn, g\u00f6r\u00fcn\u00fcm olarak s\u00fct beyaz renktedir, bu da estetik a\u00e7\u0131dan temiz ve ho\u015f bir g\u00f6r\u00fcnt\u00fc sa\u011flar.<\/li><li><strong>Otomatik hatlarda t\u0131kama yapmaz:<\/strong> \u00dcr\u00fcn, otomatik \u00fcretim hatlar\u0131nda t\u0131kanma yapmadan sorunsuz bir \u015fekilde kullan\u0131labilir.<\/li><li><strong>Boyama da ve galvanizler de sorun yaratmaz:<\/strong> Boyama i\u015flemlerinde ve galvanizleme s\u0131ras\u0131nda sorun yaratmaz, b\u00f6ylece y\u00fczey i\u015flemleri sorunsuz ger\u00e7ekle\u015fir.<\/li><li><strong>Y\u00fcksek stabilite, daha az t\u00fcketim:<\/strong> \u00dcr\u00fcn, y\u00fcksek stabiliteye sahip oldu\u011fundan daha az t\u00fcketimle verimli bir kullan\u0131m sunar.<\/li><li><strong>D\u00f6k\u00fcmler daha net ve temiz g\u00f6r\u00fcn\u00fcm:<\/strong> \u00dcr\u00fcn kullan\u0131ld\u0131\u011f\u0131nda yap\u0131lan d\u00f6k\u00fcmler daha net ve temiz bir g\u00f6r\u00fcn\u00fcm kazan\u0131r.<\/li><li><strong>M\u00fckemmel so\u011futma \u00f6zelli\u011fi:<\/strong> \u00dcr\u00fcn, y\u00fcksek performansl\u0131 so\u011futma \u00f6zelli\u011fine sahiptir.<\/li><li><strong>Superb korozyon korumas\u0131:<\/strong> \u00dcr\u00fcn, m\u00fckemmel korozyon korumas\u0131 sa\u011flar, bu da malzemelerin \u00f6mr\u00fcn\u00fc uzat\u0131r.<\/li><li><strong>Mikroorganizmalara kar\u015f\u0131 g\u00fc\u00e7l\u00fc ve stabil duru\u015f:<\/strong> \u00dcr\u00fcn, mikroorganizmalara kar\u015f\u0131 g\u00fc\u00e7l\u00fc ve stabil bir duru\u015f sergiler.<\/li><li><strong>Ya\u011flama efekti g\u00fc\u00e7l\u00fc:<\/strong> \u00dcr\u00fcn, g\u00fc\u00e7l\u00fc bir ya\u011flama etkisi sunar, bu da i\u015fleme s\u0131ras\u0131nda s\u00fcrt\u00fcnmeyi azalt\u0131r.<\/li><li><strong>Kolay filtre edilebilir \u00f6zelli\u011fi:<\/strong> \u00dcr\u00fcn, kolayca filtre edilebilir, bu da bak\u0131m ve temizlik i\u015flemlerini kolayla\u015ft\u0131r\u0131r.<\/li><li><strong>Kal\u0131p y\u00fczeylerinde temiz ve parlak g\u00f6r\u00fcn\u00fcm:<\/strong> \u00dcr\u00fcn kullan\u0131ld\u0131\u011f\u0131nda, kal\u0131p y\u00fczeylerinde temiz ve parlak bir g\u00f6r\u00fcn\u00fcm sa\u011flar.<\/li><\/ul>\t\t\t\t\t\t<\/div>\n\t\t\t\t<\/div>\n\t\t\t\t\t<\/div>\n\t\t\t\t<\/div>\n\t\t<div class=\"elementor-element elementor-element-a62f518 e-flex e-con-boxed e-con e-parent\" data-id=\"a62f518\" data-element_type=\"container\">\n\t\t\t\t\t<div class=\"e-con-inner\">\n\t\t\t\t<div class=\"elementor-element elementor-element-9917849 elementor-widget elementor-widget-spacer\" data-id=\"9917849\" data-element_type=\"widget\" data-widget_type=\"spacer.default\">\n\t\t\t\t<div class=\"elementor-widget-container\">\n\t\t\t\t\t<div class=\"elementor-spacer\">\n\t\t\t<div class=\"elementor-spacer-inner\"><\/div>\n\t\t<\/div>\n\t\t\t\t<\/div>\n\t\t\t\t<\/div>\n\t\t\t\t<div class=\"elementor-element elementor-element-d5ee182 elementor-widget elementor-widget-ld_table\" data-id=\"d5ee182\" data-element_type=\"widget\" data-widget_type=\"ld_table.default\">\n\t\t\t\t<div class=\"elementor-widget-container\">\n\t\t\t<table><thead><tr><th class=\"elementor-repeater-item-6e93a83\">\u00dcr\u00fcn<\/th><th class=\"elementor-repeater-item-0946db6\">\u00d6zellikleri<\/th><\/thead><\/tr><tr><td class=\"elementor-repeater-item-d42f417\">Em\u00fclsiyon g\u00f6r\u00fcn\u00fcm <\/td><td class=\"elementor-repeater-item-251c86e\">S\u00fct Beyaz<\/td><\/tr><tr><td class=\"elementor-repeater-item-2d5e3ca\">\u00d6zg\u00fcl A\u011f\u0131rl\u0131k \/ 15\u00b0C<\/td><td class=\"elementor-repeater-item-462a4f6\">1,00<\/td><\/tr><tr><td class=\"elementor-repeater-item-91d3926\">pH 5% <\/td><td class=\"elementor-repeater-item-b18b1ea\">9,2<\/td><\/tr><\/table>\t\t<\/div>\n\t\t\t\t<\/div>\n\t\t\t\t\t<\/div>\n\t\t\t\t<\/div>\n\t\t\t\t<\/div>\n\t\t","protected":false},"excerpt":{"rendered":"<p>KULLANIM ALANLARI: Metal CAST S 500 Al\u00fcminyum d\u00f6k\u00fcm ala\u015f\u0131mlar\u0131 i\u00e7in \u00fcretilmi\u015f son teknoloji \u00fcr\u00fcn tipidir.\u00c7evre ve operatordostu bir \u00fcr\u00fcnd\u00fcr.Silikon i\u00e7ermez , Wax \u0130htiva eder. \u00d6zellikleri: S\u00fct beyaz g\u00f6r\u00fcn\u00fcm: \u00dcr\u00fcn, g\u00f6r\u00fcn\u00fcm olarak s\u00fct beyaz renktedir, bu da estetik a\u00e7\u0131dan temiz ve ho\u015f bir g\u00f6r\u00fcnt\u00fc sa\u011flar. Otomatik hatlarda t\u0131kama yapmaz: \u00dcr\u00fcn, otomatik \u00fcretim hatlar\u0131nda t\u0131kanma yapmadan sorunsuz [&hellip;]<\/p>\n","protected":false},"author":1,"featured_media":0,"parent":0,"menu_order":0,"comment_status":"closed","ping_status":"closed","template":"","meta":{"footnotes":""},"_links":{"self":[{"href":"https:\/\/therampartoil.com\/tr\/wp-json\/wp\/v2\/pages\/5872"}],"collection":[{"href":"https:\/\/therampartoil.com\/tr\/wp-json\/wp\/v2\/pages"}],"about":[{"href":"https:\/\/therampartoil.com\/tr\/wp-json\/wp\/v2\/types\/page"}],"author":[{"embeddable":true,"href":"https:\/\/therampartoil.com\/tr\/wp-json\/wp\/v2\/users\/1"}],"replies":[{"embeddable":true,"href":"https:\/\/therampartoil.com\/tr\/wp-json\/wp\/v2\/comments?post=5872"}],"version-history":[{"count":82,"href":"https:\/\/therampartoil.com\/tr\/wp-json\/wp\/v2\/pages\/5872\/revisions"}],"predecessor-version":[{"id":6692,"href":"https:\/\/therampartoil.com\/tr\/wp-json\/wp\/v2\/pages\/5872\/revisions\/6692"}],"wp:attachment":[{"href":"https:\/\/therampartoil.com\/tr\/wp-json\/wp\/v2\/media?parent=5872"}],"curies":[{"name":"wp","href":"https:\/\/api.w.org\/{rel}","templated":true}]}}