{"id":6086,"date":"2024-07-02T01:47:36","date_gmt":"2024-07-01T22:47:36","guid":{"rendered":"https:\/\/therampartoil.com\/metal-enjeksiyon-sektoru\/"},"modified":"2024-07-29T15:15:16","modified_gmt":"2024-07-29T12:15:16","slug":"dalma-erezyon-yagi","status":"publish","type":"page","link":"https:\/\/therampartoil.com\/tr\/dalma-erezyon-yagi\/","title":{"rendered":"\u00a0Dalma Erezyon Ya\u011f\u0131"},"content":{"rendered":"\t\t<div data-elementor-type=\"wp-page\" data-elementor-id=\"6086\" class=\"elementor elementor-6086\">\n\t\t\t\t<div class=\"elementor-element elementor-element-e84e659 e-con-full e-flex e-con e-parent\" data-id=\"e84e659\" data-element_type=\"container\">\n\t\t\t\t<div class=\"elementor-element elementor-element-6c4807d elementor-widget elementor-widget-video\" data-id=\"6c4807d\" data-element_type=\"widget\" data-settings=\"{&quot;youtube_url&quot;:&quot;https:\\\/\\\/www.youtube.com\\\/watch?v=Q2SjMlOandM&quot;,&quot;autoplay&quot;:&quot;yes&quot;,&quot;play_on_mobile&quot;:&quot;yes&quot;,&quot;mute&quot;:&quot;yes&quot;,&quot;loop&quot;:&quot;yes&quot;,&quot;modestbranding&quot;:&quot;yes&quot;,&quot;video_type&quot;:&quot;youtube&quot;,&quot;controls&quot;:&quot;yes&quot;}\" data-widget_type=\"video.default\">\n\t\t\t\t<div class=\"elementor-widget-container\">\n\t\t\t<style>\/*! elementor - v3.23.0 - 15-07-2024 *\/\n.elementor-widget-video .elementor-widget-container{overflow:hidden;transform:translateZ(0)}.elementor-widget-video .elementor-wrapper{aspect-ratio:var(--video-aspect-ratio)}.elementor-widget-video .elementor-wrapper iframe,.elementor-widget-video .elementor-wrapper video{height:100%;width:100%;display:flex;border:none;background-color:#000}@supports not (aspect-ratio:1\/1){.elementor-widget-video .elementor-wrapper{position:relative;overflow:hidden;height:0;padding-bottom:calc(100% \/ var(--video-aspect-ratio))}.elementor-widget-video .elementor-wrapper iframe,.elementor-widget-video .elementor-wrapper video{position:absolute;top:0;right:0;bottom:0;left:0}}.elementor-widget-video .elementor-open-inline .elementor-custom-embed-image-overlay{position:absolute;top:0;right:0;bottom:0;left:0;background-size:cover;background-position:50%}.elementor-widget-video .elementor-custom-embed-image-overlay{cursor:pointer;text-align:center}.elementor-widget-video .elementor-custom-embed-image-overlay:hover .elementor-custom-embed-play i{opacity:1}.elementor-widget-video .elementor-custom-embed-image-overlay img{display:block;width:100%;aspect-ratio:var(--video-aspect-ratio);-o-object-fit:cover;object-fit:cover;-o-object-position:center center;object-position:center center}@supports not (aspect-ratio:1\/1){.elementor-widget-video .elementor-custom-embed-image-overlay{position:relative;overflow:hidden;height:0;padding-bottom:calc(100% \/ var(--video-aspect-ratio))}.elementor-widget-video .elementor-custom-embed-image-overlay img{position:absolute;top:0;right:0;bottom:0;left:0}}.elementor-widget-video .e-hosted-video .elementor-video{-o-object-fit:cover;object-fit:cover}.e-con-inner>.elementor-widget-video,.e-con>.elementor-widget-video{width:var(--container-widget-width);--flex-grow:var(--container-widget-flex-grow)}<\/style>\t\t<div class=\"elementor-wrapper elementor-open-inline\">\n\t\t\t<div class=\"elementor-video\"><\/div>\t\t<\/div>\n\t\t\t\t<\/div>\n\t\t\t\t<\/div>\n\t\t\t\t<\/div>\n\t\t<div class=\"elementor-element elementor-element-1aabd24 e-flex e-con-boxed e-con e-parent\" data-id=\"1aabd24\" data-element_type=\"container\">\n\t\t\t\t\t<div class=\"e-con-inner\">\n\t\t\t\t<div class=\"elementor-element elementor-element-2069157 elementor-widget elementor-widget-spacer\" data-id=\"2069157\" data-element_type=\"widget\" data-widget_type=\"spacer.default\">\n\t\t\t\t<div class=\"elementor-widget-container\">\n\t\t\t<style>\/*! elementor - v3.23.0 - 15-07-2024 *\/\n.elementor-column .elementor-spacer-inner{height:var(--spacer-size)}.e-con{--container-widget-width:100%}.e-con-inner>.elementor-widget-spacer,.e-con>.elementor-widget-spacer{width:var(--container-widget-width,var(--spacer-size));--align-self:var(--container-widget-align-self,initial);--flex-shrink:0}.e-con-inner>.elementor-widget-spacer>.elementor-widget-container,.e-con>.elementor-widget-spacer>.elementor-widget-container{height:100%;width:100%}.e-con-inner>.elementor-widget-spacer>.elementor-widget-container>.elementor-spacer,.e-con>.elementor-widget-spacer>.elementor-widget-container>.elementor-spacer{height:100%}.e-con-inner>.elementor-widget-spacer>.elementor-widget-container>.elementor-spacer>.elementor-spacer-inner,.e-con>.elementor-widget-spacer>.elementor-widget-container>.elementor-spacer>.elementor-spacer-inner{height:var(--container-widget-height,var(--spacer-size))}.e-con-inner>.elementor-widget-spacer.elementor-widget-empty,.e-con>.elementor-widget-spacer.elementor-widget-empty{position:relative;min-height:22px;min-width:22px}.e-con-inner>.elementor-widget-spacer.elementor-widget-empty .elementor-widget-empty-icon,.e-con>.elementor-widget-spacer.elementor-widget-empty .elementor-widget-empty-icon{position:absolute;top:0;bottom:0;left:0;right:0;margin:auto;padding:0;width:22px;height:22px}<\/style>\t\t<div class=\"elementor-spacer\">\n\t\t\t<div class=\"elementor-spacer-inner\"><\/div>\n\t\t<\/div>\n\t\t\t\t<\/div>\n\t\t\t\t<\/div>\n\t\t\t\t<div class=\"elementor-element elementor-element-076a681 elementor-widget elementor-widget-text-editor\" data-id=\"076a681\" data-element_type=\"widget\" data-widget_type=\"text-editor.default\">\n\t\t\t\t<div class=\"elementor-widget-container\">\n\t\t\t<style>\/*! elementor - v3.23.0 - 15-07-2024 *\/\n.elementor-widget-text-editor.elementor-drop-cap-view-stacked .elementor-drop-cap{background-color:#69727d;color:#fff}.elementor-widget-text-editor.elementor-drop-cap-view-framed .elementor-drop-cap{color:#69727d;border:3px solid;background-color:transparent}.elementor-widget-text-editor:not(.elementor-drop-cap-view-default) .elementor-drop-cap{margin-top:8px}.elementor-widget-text-editor:not(.elementor-drop-cap-view-default) .elementor-drop-cap-letter{width:1em;height:1em}.elementor-widget-text-editor .elementor-drop-cap{float:left;text-align:center;line-height:1;font-size:50px}.elementor-widget-text-editor .elementor-drop-cap-letter{display:inline-block}<\/style>\t\t\t\t<p><strong>KULLANIM ALANLARI:<\/strong><\/p><p>The Rampart Oil PRO EDM2002, elektro erozyon i\u015fleme (EDM) s\u00fcre\u00e7leri i\u00e7in tasarlanm\u0131\u015f, y\u00fcksek performansl\u0131 bir bitirme s\u0131v\u0131s\u0131d\u0131r. Bu ileri teknoloji \u00fcr\u00fcn\u00fc, i\u015flenen y\u00fczeylerde \u00fcst\u00fcn kalite sa\u011flayarak daha p\u00fcr\u00fczs\u00fcz ve estetik a\u00e7\u0131dan kusursuz sonu\u00e7lar elde edilmesine yard\u0131mc\u0131 olur. The Rampart Oil PRO EDM2002, d\u00fc\u015f\u00fck viskozitesi sayesinde m\u00fckemmel ak\u0131\u015fkanl\u0131k sunar ve bu da i\u015fleme s\u0131ras\u0131nda verimlili\u011fi art\u0131r\u0131r. \u00dcr\u00fcn\u00fcn \u00fcst\u00fcn y\u0131kama kabiliyeti, tala\u015f ve di\u011fer i\u015fleme art\u0131klar\u0131n\u0131n etkili bir \u015fekilde temizlenmesini sa\u011flar, b\u00f6ylece daha temiz ve hassas i\u015fleme ortam\u0131 sunar. Ayn\u0131 zamanda, iyi deterjanl\u0131k \u00f6zelli\u011fi ile i\u015fleme s\u00fcresince olu\u015fan kirlerin ve partik\u00fcllerin kolayca uzakla\u015ft\u0131r\u0131lmas\u0131n\u0131 m\u00fcmk\u00fcn k\u0131lar. The Rampart Oil PRO EDM2002, maliyet etkin ve kullan\u0131mda \u00e7ok ekonomik bir \u00e7\u00f6z\u00fcmd\u00fcr; uzun hizmet \u00f6mr\u00fc sayesinde s\u0131k de\u011fi\u015ftirme gerektirmez ve bu da toplam sahip olma maliyetini d\u00fc\u015f\u00fcr\u00fcr. Y\u00fcksek i\u015flenmi\u015f yap\u0131s\u0131 ve anti-oksidasyon \u00f6zellikleri ile uzun s\u00fcreli stabilite ve dayan\u0131kl\u0131l\u0131k sunar. T\u00fcm bu \u00f6zellikler, The Rampart Oil PRO EDM2002&#8217;yi elektro erozyon i\u015fleme i\u00e7in ideal bir bitirme s\u0131v\u0131s\u0131 yapar.<\/p><p>\u00d6zellikleri:<\/p><ul><li><p><strong>D\u00fc\u015f\u00fck viskozite:<\/strong> D\u00fc\u015f\u00fck viskozite, s\u0131v\u0131n\u0131n daha ak\u0131\u015fkan olmas\u0131n\u0131 sa\u011flar. Bu, i\u015fleme s\u0131ras\u0131nda daha iyi yay\u0131lma ve daha etkili so\u011futma sa\u011flar.<\/p><\/li><li><p><strong>M\u00fckemmel y\u00fczey kalitesi:<\/strong> \u00dcr\u00fcn, i\u015flenen par\u00e7alarda \u00fcst\u00fcn bir y\u00fczey kalitesi sa\u011flar, b\u00f6ylece daha p\u00fcr\u00fczs\u00fcz ve estetik a\u00e7\u0131dan ho\u015f y\u00fczeyler elde edilir.<\/p><\/li><li><p><strong>\u0130yi deterjanl\u0131k:<\/strong> \u0130yi deterjanl\u0131k, i\u015fleme s\u0131ras\u0131nda olu\u015fan kirlerin ve partik\u00fcllerin etkin bir \u015fekilde temizlenmesini sa\u011flar, b\u00f6ylece daha temiz bir i\u015fleme ortam\u0131 sunar.<\/p><\/li><li><p><strong>\u0130yi y\u0131kama:<\/strong> \u0130yi y\u0131kama kabiliyeti, i\u015flenen par\u00e7alar\u0131n y\u00fczeyinden tala\u015f ve di\u011fer art\u0131klar\u0131n etkin bir \u015fekilde uzakla\u015ft\u0131r\u0131lmas\u0131n\u0131 sa\u011flar.<\/p><\/li><li><p><strong>Maliyet etkin:<\/strong> \u00dcr\u00fcn, y\u00fcksek performansl\u0131 \u00f6zellikleriyle birlikte uygun maliyetli bir \u00e7\u00f6z\u00fcmd\u00fcr. Bu, kullan\u0131c\u0131lar\u0131n daha d\u00fc\u015f\u00fck maliyetle y\u00fcksek kalite elde etmelerini sa\u011flar.<\/p><\/li><li><p><strong>Kullan\u0131mda \u00e7ok ekonomik:<\/strong> Uzun \u00f6m\u00fcrl\u00fc ve y\u00fcksek verimli kullan\u0131m sunar, bu da \u00fcr\u00fcn\u00fcn daha az t\u00fcketilmesini ve uzun s\u00fcreli kullan\u0131m\u0131n\u0131 sa\u011flar.<\/p><\/li><li><p><strong>Y\u00fcksek i\u015flenmi\u015f:<\/strong> \u00dcr\u00fcn, y\u00fcksek i\u015flem g\u00f6rm\u00fc\u015f, yani ileri d\u00fczeyde rafine edilmi\u015ftir, bu da \u00fcst\u00fcn performans ve dayan\u0131kl\u0131l\u0131k sa\u011flar.<\/p><\/li><li><p><strong>Uzun hizmet \u00f6mr\u00fc:<\/strong> \u00dcr\u00fcn\u00fcn uzun hizmet \u00f6mr\u00fc, kullan\u0131m s\u00fcresinin uzun olmas\u0131 ve s\u0131k de\u011fi\u015ftirme gerektirmemesi anlam\u0131na gelir, bu da maliyetleri ve kesintileri azalt\u0131r.<\/p><\/li><\/ul>\t\t\t\t\t\t<\/div>\n\t\t\t\t<\/div>\n\t\t\t\t\t<\/div>\n\t\t\t\t<\/div>\n\t\t<div class=\"elementor-element elementor-element-a62f518 e-flex e-con-boxed e-con e-parent\" data-id=\"a62f518\" data-element_type=\"container\">\n\t\t\t\t\t<div class=\"e-con-inner\">\n\t\t\t\t<div class=\"elementor-element elementor-element-9917849 elementor-widget elementor-widget-spacer\" data-id=\"9917849\" data-element_type=\"widget\" data-widget_type=\"spacer.default\">\n\t\t\t\t<div class=\"elementor-widget-container\">\n\t\t\t\t\t<div class=\"elementor-spacer\">\n\t\t\t<div class=\"elementor-spacer-inner\"><\/div>\n\t\t<\/div>\n\t\t\t\t<\/div>\n\t\t\t\t<\/div>\n\t\t\t\t<div class=\"elementor-element elementor-element-d5ee182 elementor-widget elementor-widget-ld_table\" data-id=\"d5ee182\" data-element_type=\"widget\" data-widget_type=\"ld_table.default\">\n\t\t\t\t<div class=\"elementor-widget-container\">\n\t\t\t<table><thead><tr><th class=\"elementor-repeater-item-6e93a83\">\u00dcr\u00fcn<\/th><th class=\"elementor-repeater-item-0946db6\">\u00d6zellikleri<\/th><\/thead><\/tr><tr><td class=\"elementor-repeater-item-d42f417\">G\u00f6r\u00fcn\u00fcm<\/td><td class=\"elementor-repeater-item-251c86e\">\u015eeffaf s\u0131v\u0131<\/td><\/tr><tr><td class=\"elementor-repeater-item-2d5e3ca\">Yo\u011funluk<\/td><td class=\"elementor-repeater-item-462a4f6\">0.85 @ 20\u00b0C<\/td><\/tr><tr><td class=\"elementor-repeater-item-91d3926\">K\u00f6p\u00fcrme E\u011filimi<\/td><td class=\"elementor-repeater-item-b18b1ea\">D\u00fc\u015f\u00fck<\/td><\/tr><tr><td class=\"elementor-repeater-item-95299a7\">40\u00b0C'de Viskozite<\/td><td class=\"elementor-repeater-item-dbfdbc8\">2 cSt<\/td><\/tr><tr><td class=\"elementor-repeater-item-b06c39f\">K\u00fck\u00fcrt (aktif):<\/td><td class=\"elementor-repeater-item-3925eca\"> Yok<\/td><\/tr><\/table>\t\t<\/div>\n\t\t\t\t<\/div>\n\t\t\t\t\t<\/div>\n\t\t\t\t<\/div>\n\t\t\t\t<\/div>\n\t\t","protected":false},"excerpt":{"rendered":"<p>KULLANIM ALANLARI: The Rampart Oil PRO EDM2002, elektro erozyon i\u015fleme (EDM) s\u00fcre\u00e7leri i\u00e7in tasarlanm\u0131\u015f, y\u00fcksek performansl\u0131 bir bitirme s\u0131v\u0131s\u0131d\u0131r. Bu ileri teknoloji \u00fcr\u00fcn\u00fc, i\u015flenen y\u00fczeylerde \u00fcst\u00fcn kalite sa\u011flayarak daha p\u00fcr\u00fczs\u00fcz ve estetik a\u00e7\u0131dan kusursuz sonu\u00e7lar elde edilmesine yard\u0131mc\u0131 olur. The Rampart Oil PRO EDM2002, d\u00fc\u015f\u00fck viskozitesi sayesinde m\u00fckemmel ak\u0131\u015fkanl\u0131k sunar ve bu da i\u015fleme s\u0131ras\u0131nda [&hellip;]<\/p>\n","protected":false},"author":1,"featured_media":0,"parent":0,"menu_order":0,"comment_status":"closed","ping_status":"closed","template":"","meta":{"footnotes":""},"_links":{"self":[{"href":"https:\/\/therampartoil.com\/tr\/wp-json\/wp\/v2\/pages\/6086"}],"collection":[{"href":"https:\/\/therampartoil.com\/tr\/wp-json\/wp\/v2\/pages"}],"about":[{"href":"https:\/\/therampartoil.com\/tr\/wp-json\/wp\/v2\/types\/page"}],"author":[{"embeddable":true,"href":"https:\/\/therampartoil.com\/tr\/wp-json\/wp\/v2\/users\/1"}],"replies":[{"embeddable":true,"href":"https:\/\/therampartoil.com\/tr\/wp-json\/wp\/v2\/comments?post=6086"}],"version-history":[{"count":13,"href":"https:\/\/therampartoil.com\/tr\/wp-json\/wp\/v2\/pages\/6086\/revisions"}],"predecessor-version":[{"id":6695,"href":"https:\/\/therampartoil.com\/tr\/wp-json\/wp\/v2\/pages\/6086\/revisions\/6695"}],"wp:attachment":[{"href":"https:\/\/therampartoil.com\/tr\/wp-json\/wp\/v2\/media?parent=6086"}],"curies":[{"name":"wp","href":"https:\/\/api.w.org\/{rel}","templated":true}]}}