{"id":6555,"date":"2024-07-22T13:51:43","date_gmt":"2024-07-22T10:51:43","guid":{"rendered":"https:\/\/therampartoil.com\/aquaform-al-500-2\/"},"modified":"2024-07-29T15:24:37","modified_gmt":"2024-07-29T12:24:37","slug":"sb-hyd-32-46-68-100","status":"publish","type":"page","link":"https:\/\/therampartoil.com\/tr\/sb-hyd-32-46-68-100\/","title":{"rendered":"SB \/ HYD 32 \/ 46 \/ 68 \/ 100"},"content":{"rendered":"\t\t<div data-elementor-type=\"wp-page\" data-elementor-id=\"6555\" class=\"elementor elementor-6555\">\n\t\t\t\t<div class=\"elementor-element elementor-element-e84e659 e-con-full e-flex e-con e-parent\" data-id=\"e84e659\" data-element_type=\"container\">\n\t\t\t\t<div class=\"elementor-element elementor-element-6c4807d elementor-widget elementor-widget-video\" data-id=\"6c4807d\" data-element_type=\"widget\" data-settings=\"{&quot;youtube_url&quot;:&quot;https:\\\/\\\/www.youtube.com\\\/watch?v=4RjT_QyJO9E&quot;,&quot;autoplay&quot;:&quot;yes&quot;,&quot;play_on_mobile&quot;:&quot;yes&quot;,&quot;mute&quot;:&quot;yes&quot;,&quot;loop&quot;:&quot;yes&quot;,&quot;modestbranding&quot;:&quot;yes&quot;,&quot;video_type&quot;:&quot;youtube&quot;,&quot;controls&quot;:&quot;yes&quot;}\" data-widget_type=\"video.default\">\n\t\t\t\t<div class=\"elementor-widget-container\">\n\t\t\t<style>\/*! elementor - v3.23.0 - 15-07-2024 *\/\n.elementor-widget-video .elementor-widget-container{overflow:hidden;transform:translateZ(0)}.elementor-widget-video .elementor-wrapper{aspect-ratio:var(--video-aspect-ratio)}.elementor-widget-video .elementor-wrapper iframe,.elementor-widget-video .elementor-wrapper video{height:100%;width:100%;display:flex;border:none;background-color:#000}@supports not (aspect-ratio:1\/1){.elementor-widget-video .elementor-wrapper{position:relative;overflow:hidden;height:0;padding-bottom:calc(100% \/ var(--video-aspect-ratio))}.elementor-widget-video .elementor-wrapper iframe,.elementor-widget-video .elementor-wrapper video{position:absolute;top:0;right:0;bottom:0;left:0}}.elementor-widget-video .elementor-open-inline .elementor-custom-embed-image-overlay{position:absolute;top:0;right:0;bottom:0;left:0;background-size:cover;background-position:50%}.elementor-widget-video .elementor-custom-embed-image-overlay{cursor:pointer;text-align:center}.elementor-widget-video .elementor-custom-embed-image-overlay:hover .elementor-custom-embed-play i{opacity:1}.elementor-widget-video .elementor-custom-embed-image-overlay img{display:block;width:100%;aspect-ratio:var(--video-aspect-ratio);-o-object-fit:cover;object-fit:cover;-o-object-position:center center;object-position:center center}@supports not (aspect-ratio:1\/1){.elementor-widget-video .elementor-custom-embed-image-overlay{position:relative;overflow:hidden;height:0;padding-bottom:calc(100% \/ var(--video-aspect-ratio))}.elementor-widget-video .elementor-custom-embed-image-overlay img{position:absolute;top:0;right:0;bottom:0;left:0}}.elementor-widget-video .e-hosted-video .elementor-video{-o-object-fit:cover;object-fit:cover}.e-con-inner>.elementor-widget-video,.e-con>.elementor-widget-video{width:var(--container-widget-width);--flex-grow:var(--container-widget-flex-grow)}<\/style>\t\t<div class=\"elementor-wrapper elementor-open-inline\">\n\t\t\t<div class=\"elementor-video\"><\/div>\t\t<\/div>\n\t\t\t\t<\/div>\n\t\t\t\t<\/div>\n\t\t\t\t<\/div>\n\t\t<div class=\"elementor-element elementor-element-9c0bcdb e-flex e-con-boxed e-con e-parent\" data-id=\"9c0bcdb\" data-element_type=\"container\">\n\t\t\t\t\t<div class=\"e-con-inner\">\n\t\t<div class=\"elementor-element elementor-element-4cd532b e-con-full e-flex e-con e-child\" data-id=\"4cd532b\" data-element_type=\"container\">\n\t\t\t\t<div class=\"elementor-element elementor-element-8e38cb6 elementor-widget elementor-widget-image\" data-id=\"8e38cb6\" data-element_type=\"widget\" data-widget_type=\"image.default\">\n\t\t\t\t<div class=\"elementor-widget-container\">\n\t\t\t<style>\/*! elementor - v3.23.0 - 15-07-2024 *\/\n.elementor-widget-image{text-align:center}.elementor-widget-image a{display:inline-block}.elementor-widget-image a img[src$=\".svg\"]{width:48px}.elementor-widget-image img{vertical-align:middle;display:inline-block}<\/style>\t\t\t\t\t\t\t\t\t\t<img fetchpriority=\"high\" decoding=\"async\" width=\"554\" height=\"804\" src=\"https:\/\/therampartoil.com\/wp-content\/uploads\/2024\/07\/hydraulic-oil.jpg\" class=\"attachment-large size-large wp-image-6550\" alt=\"\" srcset=\"https:\/\/therampartoil.com\/wp-content\/uploads\/2024\/07\/hydraulic-oil.jpg 554w, https:\/\/therampartoil.com\/wp-content\/uploads\/2024\/07\/hydraulic-oil-207x300.jpg 207w, https:\/\/therampartoil.com\/wp-content\/uploads\/2024\/07\/hydraulic-oil-8x12.jpg 8w\" sizes=\"(max-width: 554px) 100vw, 554px\" \/>\t\t\t\t\t\t\t\t\t\t\t\t\t<\/div>\n\t\t\t\t<\/div>\n\t\t\t\t<\/div>\n\t\t<div class=\"elementor-element elementor-element-d6fc780 e-con-full e-flex e-con e-child\" data-id=\"d6fc780\" data-element_type=\"container\">\n\t\t\t\t<div class=\"elementor-element elementor-element-dde3804 elementor-widget elementor-widget-heading\" data-id=\"dde3804\" data-element_type=\"widget\" data-widget_type=\"heading.default\">\n\t\t\t\t<div class=\"elementor-widget-container\">\n\t\t\t<style>\/*! elementor - v3.23.0 - 15-07-2024 *\/\n.elementor-heading-title{padding:0;margin:0;line-height:1}.elementor-widget-heading .elementor-heading-title[class*=elementor-size-]>a{color:inherit;font-size:inherit;line-height:inherit}.elementor-widget-heading .elementor-heading-title.elementor-size-small{font-size:15px}.elementor-widget-heading .elementor-heading-title.elementor-size-medium{font-size:19px}.elementor-widget-heading .elementor-heading-title.elementor-size-large{font-size:29px}.elementor-widget-heading .elementor-heading-title.elementor-size-xl{font-size:39px}.elementor-widget-heading .elementor-heading-title.elementor-size-xxl{font-size:59px}<\/style><h2 class=\"elementor-heading-title elementor-size-default\">SB \/ HYD 32 \/ 46 \/ 68 \/ 100<\/h2>\t\t<\/div>\n\t\t\t\t<\/div>\n\t\t\t\t<div class=\"elementor-element elementor-element-076a681 elementor-widget elementor-widget-text-editor\" data-id=\"076a681\" data-element_type=\"widget\" data-widget_type=\"text-editor.default\">\n\t\t\t\t<div class=\"elementor-widget-container\">\n\t\t\t<style>\/*! elementor - v3.23.0 - 15-07-2024 *\/\n.elementor-widget-text-editor.elementor-drop-cap-view-stacked .elementor-drop-cap{background-color:#69727d;color:#fff}.elementor-widget-text-editor.elementor-drop-cap-view-framed .elementor-drop-cap{color:#69727d;border:3px solid;background-color:transparent}.elementor-widget-text-editor:not(.elementor-drop-cap-view-default) .elementor-drop-cap{margin-top:8px}.elementor-widget-text-editor:not(.elementor-drop-cap-view-default) .elementor-drop-cap-letter{width:1em;height:1em}.elementor-widget-text-editor .elementor-drop-cap{float:left;text-align:center;line-height:1;font-size:50px}.elementor-widget-text-editor .elementor-drop-cap-letter{display:inline-block}<\/style>\t\t\t\t<p><strong>Tan\u0131m:<\/strong> SB\/HYD, y\u00fcksek performansl\u0131 hidrolik sistem ya\u011flar\u0131d\u0131r ve kaliteli baz ya\u011flarla birlikte oksidasyona, a\u015f\u0131nmaya ve pasa kar\u015f\u0131 koruyucu katk\u0131lar kullan\u0131larak form\u00fcle edilmi\u015ftir. Bir\u00e7ok end\u00fcstriyel sistemlerde ve hareketli hidroliklerde kullan\u0131lmas\u0131 tavsiye edilir.<\/p><p><strong>\u00d6zellikler:<\/strong><\/p><ul><li>Korozyon, k\u00f6p\u00fckle\u015fme ve \u00e7amur olu\u015fumuna kar\u015f\u0131 koruma sa\u011flar.<\/li><li>Filtre edilebilme \u00f6zelli\u011fi ile sorunsuz \u00e7al\u0131\u015fma sunar.<\/li><li>Y\u00fcksek s\u0131cakl\u0131k ve oksidasyona dayan\u0131kl\u0131d\u0131r.<\/li><li>S\u0131zd\u0131rmazl\u0131k elemanlar\u0131na zarar vermez.<\/li><\/ul><p><strong>Onay ve \u015eartnameler:<\/strong><\/p><ul><li>DIN 51524 PART 2, JMAS HK<\/li><li>Cincinnati Machine P-68, P-69, P-70, GM-LS-2<\/li><li>Bosch Rexroth, SAE MS1004<\/li><li>AFNOR NFE 48-690, NFE 48-691, Eaton Vickers I-286-S<\/li><\/ul><p><strong>Depolama:<\/strong> Kapal\u0131 alanlarda 5 \u2013 40 \u00b0C aras\u0131nda muhafaza edilmelidir ve direkt g\u00fcne\u015f \u0131\u015f\u0131\u011f\u0131ndan korunmal\u0131d\u0131r.<\/p><p><strong>Tipik \u00d6zellikler:<\/strong><\/p><table><thead><tr><th>Test Metot<\/th><th>ISO GRADE<\/th><th>Kinematik Viskozite (40\u00b0C) [cSt]<\/th><th>Viskozite \u0130ndeksi<\/th><th>Parlama Noktas\u0131 (\u00b0C)<\/th><th>Akma Noktas\u0131 (\u00b0C)<\/th><\/tr><\/thead><tbody><tr><td>ASTM D445<\/td><td>22<\/td><td>19.8 &#8211; 24.2<\/td><td>Min. 100<\/td><td>Min. 170<\/td><td>Max. -25<\/td><\/tr><tr><td>ASTM D445<\/td><td>32<\/td><td>28.8 &#8211; 35.2<\/td><td>Min. 100<\/td><td>Min. 205<\/td><td>Max. -25<\/td><\/tr><tr><td>ASTM D445<\/td><td>37<\/td><td>35.2 &#8211; 41.4<\/td><td>Min. 95<\/td><td>Min. 210<\/td><td>Max. -25<\/td><\/tr><tr><td>ASTM D445<\/td><td>46<\/td><td>41.4 &#8211; 50.6<\/td><td>Min. 95<\/td><td>Min. 215<\/td><td>Max. -25<\/td><\/tr><tr><td>ASTM D445<\/td><td>68<\/td><td>61.2 &#8211; 74.8<\/td><td>Min. 95<\/td><td>Min. 215<\/td><td>Max. -25<\/td><\/tr><tr><td>ASTM D445<\/td><td>100<\/td><td>90 &#8211; 110<\/td><td>Min. 90<\/td><td>Min. 220<\/td><td>Max. -20<\/td><\/tr><\/tbody><\/table>\t\t\t\t\t\t<\/div>\n\t\t\t\t<\/div>\n\t\t\t\t<\/div>\n\t\t\t\t\t<\/div>\n\t\t\t\t<\/div>\n\t\t<div class=\"elementor-element elementor-element-9add1f7 e-flex e-con-boxed e-con e-parent\" data-id=\"9add1f7\" data-element_type=\"container\">\n\t\t\t\t\t<div class=\"e-con-inner\">\n\t\t<div class=\"elementor-element elementor-element-73b4a4b e-con-full e-flex e-con e-child\" data-id=\"73b4a4b\" data-element_type=\"container\">\n\t\t\t\t<div class=\"elementor-element elementor-element-095841c elementor-widget elementor-widget-heading\" data-id=\"095841c\" data-element_type=\"widget\" data-widget_type=\"heading.default\">\n\t\t\t\t<div class=\"elementor-widget-container\">\n\t\t\t<h3 class=\"elementor-heading-title elementor-size-default\">\u00dcr\u00fcn detay ve istek formu<\/h3>\t\t<\/div>\n\t\t\t\t<\/div>\n\t\t\t\t<div class=\"elementor-element elementor-element-c82af32 elementor-widget elementor-widget-text-editor\" data-id=\"c82af32\" data-element_type=\"widget\" data-widget_type=\"text-editor.default\">\n\t\t\t\t<div class=\"elementor-widget-container\">\n\t\t\t\t\t\t\t<p>\u00dcr\u00fcnlerimiz hakk\u0131nda daha fazla bilgi almak ve \u00f6zel isteklerinizi bize iletmek i\u00e7in a\u015fa\u011f\u0131daki formu doldurman\u0131z\u0131 rica ederiz. Size en k\u0131sa s\u00fcrede geri d\u00f6n\u00fc\u015f yapaca\u011f\u0131z.<\/p>\t\t\t\t\t\t<\/div>\n\t\t\t\t<\/div>\n\t\t\t\t<\/div>\n\t\t<div class=\"elementor-element elementor-element-2a4b698 e-con-full e-flex e-con e-child\" data-id=\"2a4b698\" data-element_type=\"container\">\n\t\t\t\t<div class=\"elementor-element elementor-element-3082517 elementor-button-align-stretch elementor-widget elementor-widget-form\" data-id=\"3082517\" data-element_type=\"widget\" data-settings=\"{&quot;step_next_label&quot;:&quot;Next&quot;,&quot;step_previous_label&quot;:&quot;Previous&quot;,&quot;button_width&quot;:&quot;100&quot;,&quot;step_type&quot;:&quot;number_text&quot;,&quot;step_icon_shape&quot;:&quot;circle&quot;}\" data-widget_type=\"form.default\">\n\t\t\t\t<div class=\"elementor-widget-container\">\n\t\t\t<style>\/*! elementor-pro - v3.12.3 - 23-04-2023 *\/\n.elementor-button.elementor-hidden,.elementor-hidden{display:none}.e-form__step{width:100%}.e-form__step:not(.elementor-hidden){display:flex;flex-wrap:wrap}.e-form__buttons{flex-wrap:wrap}.e-form__buttons,.e-form__buttons__wrapper{display:flex}.e-form__indicators{display:flex;justify-content:space-between;align-items:center;flex-wrap:nowrap;font-size:13px;margin-bottom:var(--e-form-steps-indicators-spacing)}.e-form__indicators__indicator{display:flex;flex-direction:column;align-items:center;justify-content:center;flex-basis:0;padding:0 var(--e-form-steps-divider-gap)}.e-form__indicators__indicator__progress{width:100%;position:relative;background-color:var(--e-form-steps-indicator-progress-background-color);border-radius:var(--e-form-steps-indicator-progress-border-radius);overflow:hidden}.e-form__indicators__indicator__progress__meter{width:var(--e-form-steps-indicator-progress-meter-width,0);height:var(--e-form-steps-indicator-progress-height);line-height:var(--e-form-steps-indicator-progress-height);padding-right:15px;border-radius:var(--e-form-steps-indicator-progress-border-radius);background-color:var(--e-form-steps-indicator-progress-color);color:var(--e-form-steps-indicator-progress-meter-color);text-align:right;transition:width .1s linear}.e-form__indicators__indicator:first-child{padding-left:0}.e-form__indicators__indicator:last-child{padding-right:0}.e-form__indicators__indicator--state-inactive{color:var(--e-form-steps-indicator-inactive-primary-color,#c2cbd2)}.e-form__indicators__indicator--state-inactive [class*=indicator--shape-]:not(.e-form__indicators__indicator--shape-none){background-color:var(--e-form-steps-indicator-inactive-secondary-color,#fff)}.e-form__indicators__indicator--state-inactive object,.e-form__indicators__indicator--state-inactive svg{fill:var(--e-form-steps-indicator-inactive-primary-color,#c2cbd2)}.e-form__indicators__indicator--state-active{color:var(--e-form-steps-indicator-active-primary-color,#39b54a);border-color:var(--e-form-steps-indicator-active-secondary-color,#fff)}.e-form__indicators__indicator--state-active [class*=indicator--shape-]:not(.e-form__indicators__indicator--shape-none){background-color:var(--e-form-steps-indicator-active-secondary-color,#fff)}.e-form__indicators__indicator--state-active object,.e-form__indicators__indicator--state-active svg{fill:var(--e-form-steps-indicator-active-primary-color,#39b54a)}.e-form__indicators__indicator--state-completed{color:var(--e-form-steps-indicator-completed-secondary-color,#fff)}.e-form__indicators__indicator--state-completed [class*=indicator--shape-]:not(.e-form__indicators__indicator--shape-none){background-color:var(--e-form-steps-indicator-completed-primary-color,#39b54a)}.e-form__indicators__indicator--state-completed .e-form__indicators__indicator__label{color:var(--e-form-steps-indicator-completed-primary-color,#39b54a)}.e-form__indicators__indicator--state-completed .e-form__indicators__indicator--shape-none{color:var(--e-form-steps-indicator-completed-primary-color,#39b54a);background-color:initial}.e-form__indicators__indicator--state-completed object,.e-form__indicators__indicator--state-completed svg{fill:var(--e-form-steps-indicator-completed-secondary-color,#fff)}.e-form__indicators__indicator__icon{width:var(--e-form-steps-indicator-padding,30px);height:var(--e-form-steps-indicator-padding,30px);font-size:var(--e-form-steps-indicator-icon-size);border-width:1px;border-style:solid;display:flex;justify-content:center;align-items:center;overflow:hidden;margin-bottom:10px}.e-form__indicators__indicator__icon img,.e-form__indicators__indicator__icon object,.e-form__indicators__indicator__icon svg{width:var(--e-form-steps-indicator-icon-size);height:auto}.e-form__indicators__indicator__icon .e-font-icon-svg{height:1em}.e-form__indicators__indicator__number{width:var(--e-form-steps-indicator-padding,30px);height:var(--e-form-steps-indicator-padding,30px);border-width:1px;border-style:solid;display:flex;justify-content:center;align-items:center;margin-bottom:10px}.e-form__indicators__indicator--shape-circle{border-radius:50%}.e-form__indicators__indicator--shape-square{border-radius:0}.e-form__indicators__indicator--shape-rounded{border-radius:5px}.e-form__indicators__indicator--shape-none{border:0}.e-form__indicators__indicator__label{text-align:center}.e-form__indicators__indicator__separator{width:100%;height:var(--e-form-steps-divider-width);background-color:#babfc5}.e-form__indicators--type-icon,.e-form__indicators--type-icon_text,.e-form__indicators--type-number,.e-form__indicators--type-number_text{align-items:flex-start}.e-form__indicators--type-icon .e-form__indicators__indicator__separator,.e-form__indicators--type-icon_text .e-form__indicators__indicator__separator,.e-form__indicators--type-number .e-form__indicators__indicator__separator,.e-form__indicators--type-number_text .e-form__indicators__indicator__separator{margin-top:calc(var(--e-form-steps-indicator-padding, 30px) \/ 2 - var(--e-form-steps-divider-width, 1px) \/ 2)}.elementor-field-type-hidden{display:none}.elementor-field-type-html{display:inline-block}.elementor-login .elementor-lost-password,.elementor-login .elementor-remember-me{font-size:.85em}.elementor-field-type-recaptcha_v3 .elementor-field-label{display:none}.elementor-field-type-recaptcha_v3 .grecaptcha-badge{z-index:1}.elementor-button .elementor-form-spinner{order:3}.elementor-form .elementor-button>span{display:flex;justify-content:center;align-items:center}.elementor-form .elementor-button .elementor-button-text{white-space:normal;flex-grow:0}.elementor-form .elementor-button svg{height:auto}.elementor-form .elementor-button .e-font-icon-svg{height:1em}.elementor-select-wrapper .select-caret-down-wrapper{position:absolute;top:50%;transform:translateY(-50%);inset-inline-end:10px;pointer-events:none;font-size:11px}.elementor-select-wrapper .select-caret-down-wrapper svg{display:unset;width:1em;aspect-ratio:unset;fill:currentColor}.elementor-select-wrapper .select-caret-down-wrapper i{font-size:19px;line-height:2}.elementor-select-wrapper.remove-before:before{content:\"\"!important}<\/style>\t\t<form class=\"elementor-form\" method=\"post\" name=\"New Form\">\n\t\t\t<input type=\"hidden\" name=\"post_id\" value=\"6555\"\/>\n\t\t\t<input type=\"hidden\" name=\"form_id\" value=\"3082517\"\/>\n\t\t\t<input type=\"hidden\" name=\"referer_title\" value=\"\" \/>\n\n\t\t\t\n\t\t\t<div class=\"elementor-form-fields-wrapper elementor-labels-above\">\n\t\t\t\t\t\t\t\t<div class=\"elementor-field-type-text elementor-field-group elementor-column elementor-field-group-name elementor-col-100\">\n\t\t\t\t\t\t\t\t\t\t\t\t<label for=\"form-field-name\" class=\"elementor-field-label\">\n\t\t\t\t\t\t\t\t\u00dcR\u00dcN ADI\t\t\t\t\t\t\t<\/label>\n\t\t\t\t\t\t\t\t\t\t\t\t\t\t<input size=\"1\" type=\"text\" name=\"form_fields[name]\" id=\"form-field-name\" class=\"elementor-field elementor-size-sm  elementor-field-textual\" placeholder=\"Name\" value=\"SB \/ HYD 32 \/ 46 \/ 68 \/ 100\">\n\t\t\t\t\t\t\t\t\t\t\t<\/div>\n\t\t\t\t\t\t\t\t<div class=\"elementor-field-type-text elementor-field-group elementor-column elementor-field-group-field_a463607 elementor-col-50\">\n\t\t\t\t\t\t\t\t\t\t\t\t<label for=\"form-field-field_a463607\" class=\"elementor-field-label\">\n\t\t\t\t\t\t\t\tAD - SOYAD\t\t\t\t\t\t\t<\/label>\n\t\t\t\t\t\t\t\t\t\t\t\t\t\t<input size=\"1\" type=\"text\" name=\"form_fields[field_a463607]\" id=\"form-field-field_a463607\" class=\"elementor-field elementor-size-sm  elementor-field-textual\">\n\t\t\t\t\t\t\t\t\t\t\t<\/div>\n\t\t\t\t\t\t\t\t<div class=\"elementor-field-type-text elementor-field-group elementor-column elementor-field-group-field_5cdb578 elementor-col-50\">\n\t\t\t\t\t\t\t\t\t\t\t\t<label for=\"form-field-field_5cdb578\" class=\"elementor-field-label\">\n\t\t\t\t\t\t\t\tF\u0130RMA ADI\t\t\t\t\t\t\t<\/label>\n\t\t\t\t\t\t\t\t\t\t\t\t\t\t<input size=\"1\" type=\"text\" name=\"form_fields[field_5cdb578]\" id=\"form-field-field_5cdb578\" class=\"elementor-field elementor-size-sm  elementor-field-textual\">\n\t\t\t\t\t\t\t\t\t\t\t<\/div>\n\t\t\t\t\t\t\t\t<div class=\"elementor-field-type-email elementor-field-group elementor-column elementor-field-group-email elementor-col-50 elementor-field-required\">\n\t\t\t\t\t\t\t\t\t\t\t\t<label for=\"form-field-email\" class=\"elementor-field-label\">\n\t\t\t\t\t\t\t\tE-POSTA\t\t\t\t\t\t\t<\/label>\n\t\t\t\t\t\t\t\t\t\t\t\t\t\t<input size=\"1\" type=\"email\" name=\"form_fields[email]\" id=\"form-field-email\" class=\"elementor-field elementor-size-sm  elementor-field-textual\" required=\"required\" aria-required=\"true\">\n\t\t\t\t\t\t\t\t\t\t\t<\/div>\n\t\t\t\t\t\t\t\t<div class=\"elementor-field-type-tel elementor-field-group elementor-column elementor-field-group-field_9194087 elementor-col-50 elementor-field-required\">\n\t\t\t\t\t\t\t\t\t\t\t\t<label for=\"form-field-field_9194087\" class=\"elementor-field-label\">\n\t\t\t\t\t\t\t\tTELEFON\t\t\t\t\t\t\t<\/label>\n\t\t\t\t\t\t\t\t<input size=\"1\" type=\"tel\" name=\"form_fields[field_9194087]\" id=\"form-field-field_9194087\" class=\"elementor-field elementor-size-sm  elementor-field-textual\" required=\"required\" aria-required=\"true\" pattern=\"[0-9()#&amp;+*-=.]+\" title=\"Only numbers and phone characters (#, -, *, etc) are accepted.\">\n\n\t\t\t\t\t\t<\/div>\n\t\t\t\t\t\t\t\t<div class=\"elementor-field-type-textarea elementor-field-group elementor-column elementor-field-group-message elementor-col-100\">\n\t\t\t\t\t\t\t\t\t\t\t\t<label for=\"form-field-message\" class=\"elementor-field-label\">\n\t\t\t\t\t\t\t\tEKLEMEK \u0130STED\u0130\u011e\u0130N\u0130Z MESAJINIZ\t\t\t\t\t\t\t<\/label>\n\t\t\t\t\t\t<textarea class=\"elementor-field-textual elementor-field  elementor-size-sm\" name=\"form_fields[message]\" id=\"form-field-message\" rows=\"4\"><\/textarea>\t\t\t\t<\/div>\n\t\t\t\t\t\t\t\t<div class=\"elementor-field-group elementor-column elementor-field-type-submit elementor-col-100 e-form__buttons\">\n\t\t\t\t\t<button type=\"submit\" class=\"elementor-button elementor-size-sm\">\n\t\t\t\t\t\t<span >\n\t\t\t\t\t\t\t\t\t\t\t\t\t\t\t<span class=\" elementor-button-icon\">\n\t\t\t\t\t\t\t\t\t\t\t\t\t\t\t\t\t\t\t\t\t\t\t\t\t\t<\/span>\n\t\t\t\t\t\t\t\t\t\t\t\t\t\t\t\t\t\t\t\t\t\t<span class=\"elementor-button-text\">G\u00d6NDER<\/span>\n\t\t\t\t\t\t\t\t\t\t\t\t\t<\/span>\n\t\t\t\t\t<\/button>\n\t\t\t\t<\/div>\n\t\t\t<\/div>\n\t\t<\/form>\n\t\t\t\t<\/div>\n\t\t\t\t<\/div>\n\t\t\t\t<\/div>\n\t\t\t\t\t<\/div>\n\t\t\t\t<\/div>\n\t\t\t\t<\/div>\n\t\t","protected":false},"excerpt":{"rendered":"<p>Tan\u0131m: SB\/HYD, y\u00fcksek performansl\u0131 hidrolik sistem ya\u011flar\u0131d\u0131r ve kaliteli baz ya\u011flarla birlikte oksidasyona, a\u015f\u0131nmaya ve pasa kar\u015f\u0131 koruyucu katk\u0131lar kullan\u0131larak form\u00fcle edilmi\u015ftir. Bir\u00e7ok end\u00fcstriyel sistemlerde ve hareketli hidroliklerde kullan\u0131lmas\u0131 tavsiye edilir. \u00d6zellikler: Korozyon, k\u00f6p\u00fckle\u015fme ve \u00e7amur olu\u015fumuna kar\u015f\u0131 koruma sa\u011flar. Filtre edilebilme \u00f6zelli\u011fi ile sorunsuz \u00e7al\u0131\u015fma sunar. Y\u00fcksek s\u0131cakl\u0131k ve oksidasyona dayan\u0131kl\u0131d\u0131r. S\u0131zd\u0131rmazl\u0131k elemanlar\u0131na zarar [&hellip;]<\/p>\n","protected":false},"author":1,"featured_media":0,"parent":0,"menu_order":0,"comment_status":"closed","ping_status":"closed","template":"","meta":{"footnotes":""},"_links":{"self":[{"href":"https:\/\/therampartoil.com\/tr\/wp-json\/wp\/v2\/pages\/6555"}],"collection":[{"href":"https:\/\/therampartoil.com\/tr\/wp-json\/wp\/v2\/pages"}],"about":[{"href":"https:\/\/therampartoil.com\/tr\/wp-json\/wp\/v2\/types\/page"}],"author":[{"embeddable":true,"href":"https:\/\/therampartoil.com\/tr\/wp-json\/wp\/v2\/users\/1"}],"replies":[{"embeddable":true,"href":"https:\/\/therampartoil.com\/tr\/wp-json\/wp\/v2\/comments?post=6555"}],"version-history":[{"count":9,"href":"https:\/\/therampartoil.com\/tr\/wp-json\/wp\/v2\/pages\/6555\/revisions"}],"predecessor-version":[{"id":6725,"href":"https:\/\/therampartoil.com\/tr\/wp-json\/wp\/v2\/pages\/6555\/revisions\/6725"}],"wp:attachment":[{"href":"https:\/\/therampartoil.com\/tr\/wp-json\/wp\/v2\/media?parent=6555"}],"curies":[{"name":"wp","href":"https:\/\/api.w.org\/{rel}","templated":true}]}}